{"id":3011,"date":"2026-04-09T12:10:06","date_gmt":"2026-04-09T15:10:06","guid":{"rendered":"https:\/\/alinahegi.com\/web\/?post_type=product&#038;p=3011"},"modified":"2026-04-09T12:10:53","modified_gmt":"2026-04-09T15:10:53","slug":"mesa-cafe-suar-3","status":"publish","type":"product","link":"https:\/\/alinahegi.com\/web\/productos\/mesa-cafe-suar-3\/","title":{"rendered":"Mesa Caf\u00e9 Suar 3"},"content":{"rendered":"<p>Mesa Caf\u00e9 en madera Suar. Piezas \u00fanicas. Diferentes tama\u00f1os y formas<\/p>\n","protected":false},"excerpt":{"rendered":"<p>Mesa Caf\u00e9 en madera Suar. Piezas \u00fanicas. Diferentes tama\u00f1os y formas<\/p>\n","protected":false},"featured_media":3012,"template":"","meta":{"_acf_changed":false,"_joinchat":[]},"product_brand":[],"product_cat":[28],"product_tag":[],"material":[36],"class_list":{"0":"post-3011","1":"product","2":"type-product","3":"status-publish","4":"has-post-thumbnail","6":"product_cat-mesas","7":"material-madera","9":"first","10":"instock","11":"shipping-taxable","12":"product-type-simple"},"acf":[],"etheme_brands":{"errors":{"invalid_taxonomy":["Taxonom\u00eda no v\u00e1lida."]},"error_data":[]},"yoast_head":"<!-- This site is optimized with the Yoast SEO plugin v27.0 - https:\/\/yoast.com\/product\/yoast-seo-wordpress\/ -->\n<title>Mesa Caf\u00e9 Suar 3 - Alina Hegi<\/title>\n<meta name=\"robots\" content=\"index, follow, max-snippet:-1, max-image-preview:large, max-video-preview:-1\" \/>\n<link rel=\"canonical\" href=\"https:\/\/alinahegi.com\/web\/productos\/mesa-cafe-suar-3\/\" \/>\n<meta property=\"og:locale\" content=\"es_ES\" \/>\n<meta property=\"og:type\" content=\"article\" \/>\n<meta property=\"og:title\" content=\"Mesa Caf\u00e9 Suar 3 - Alina Hegi\" \/>\n<meta property=\"og:description\" content=\"Mesa Caf\u00e9 en madera Suar. Piezas \u00fanicas. Diferentes tama\u00f1os y formas\" \/>\n<meta property=\"og:url\" content=\"https:\/\/alinahegi.com\/web\/productos\/mesa-cafe-suar-3\/\" \/>\n<meta property=\"og:site_name\" content=\"Alina Hegi\" \/>\n<meta property=\"article:modified_time\" content=\"2026-04-09T15:10:53+00:00\" \/>\n<meta property=\"og:image\" content=\"https:\/\/alinahegi.com\/web\/wp-content\/uploads\/2026\/04\/Mesa-Cafe-Zambezi-mod-2.jpg\" \/>\n\t<meta property=\"og:image:width\" content=\"640\" \/>\n\t<meta property=\"og:image:height\" content=\"480\" \/>\n\t<meta property=\"og:image:type\" content=\"image\/jpeg\" \/>\n<meta name=\"twitter:card\" content=\"summary_large_image\" \/>\n<meta name=\"twitter:label1\" content=\"Tiempo de lectura\" \/>\n\t<meta name=\"twitter:data1\" content=\"1 minuto\" \/>\n<script type=\"application\/ld+json\" class=\"yoast-schema-graph\">{\"@context\":\"https:\/\/schema.org\",\"@graph\":[{\"@type\":\"WebPage\",\"@id\":\"https:\/\/alinahegi.com\/web\/productos\/mesa-cafe-suar-3\/\",\"url\":\"https:\/\/alinahegi.com\/web\/productos\/mesa-cafe-suar-3\/\",\"name\":\"Mesa Caf\u00e9 Suar 3 - Alina Hegi\",\"isPartOf\":{\"@id\":\"https:\/\/alinahegi.com\/web\/#website\"},\"primaryImageOfPage\":{\"@id\":\"https:\/\/alinahegi.com\/web\/productos\/mesa-cafe-suar-3\/#primaryimage\"},\"image\":{\"@id\":\"https:\/\/alinahegi.com\/web\/productos\/mesa-cafe-suar-3\/#primaryimage\"},\"thumbnailUrl\":\"https:\/\/alinahegi.com\/web\/wp-content\/uploads\/2026\/04\/Mesa-Cafe-Zambezi-mod-2.jpg\",\"datePublished\":\"2026-04-09T15:10:06+00:00\",\"dateModified\":\"2026-04-09T15:10:53+00:00\",\"breadcrumb\":{\"@id\":\"https:\/\/alinahegi.com\/web\/productos\/mesa-cafe-suar-3\/#breadcrumb\"},\"inLanguage\":\"es\",\"potentialAction\":[{\"@type\":\"ReadAction\",\"target\":[\"https:\/\/alinahegi.com\/web\/productos\/mesa-cafe-suar-3\/\"]}]},{\"@type\":\"ImageObject\",\"inLanguage\":\"es\",\"@id\":\"https:\/\/alinahegi.com\/web\/productos\/mesa-cafe-suar-3\/#primaryimage\",\"url\":\"https:\/\/alinahegi.com\/web\/wp-content\/uploads\/2026\/04\/Mesa-Cafe-Zambezi-mod-2.jpg\",\"contentUrl\":\"https:\/\/alinahegi.com\/web\/wp-content\/uploads\/2026\/04\/Mesa-Cafe-Zambezi-mod-2.jpg\",\"width\":640,\"height\":480},{\"@type\":\"BreadcrumbList\",\"@id\":\"https:\/\/alinahegi.com\/web\/productos\/mesa-cafe-suar-3\/#breadcrumb\",\"itemListElement\":[{\"@type\":\"ListItem\",\"position\":1,\"name\":\"Home\",\"item\":\"https:\/\/alinahegi.com\/web\/\"},{\"@type\":\"ListItem\",\"position\":2,\"name\":\"Productos\",\"item\":\"https:\/\/alinahegi.com\/web\/productos\/\"},{\"@type\":\"ListItem\",\"position\":3,\"name\":\"Mesas\",\"item\":\"https:\/\/alinahegi.com\/web\/categoria-producto\/mesas\/\"},{\"@type\":\"ListItem\",\"position\":4,\"name\":\"Mesa Caf\u00e9 Suar 3\"}]},{\"@type\":\"WebSite\",\"@id\":\"https:\/\/alinahegi.com\/web\/#website\",\"url\":\"https:\/\/alinahegi.com\/web\/\",\"name\":\"Alina Hegi\",\"description\":\"\",\"publisher\":{\"@id\":\"https:\/\/alinahegi.com\/web\/#organization\"},\"potentialAction\":[{\"@type\":\"SearchAction\",\"target\":{\"@type\":\"EntryPoint\",\"urlTemplate\":\"https:\/\/alinahegi.com\/web\/?s={search_term_string}\"},\"query-input\":{\"@type\":\"PropertyValueSpecification\",\"valueRequired\":true,\"valueName\":\"search_term_string\"}}],\"inLanguage\":\"es\"},{\"@type\":\"Organization\",\"@id\":\"https:\/\/alinahegi.com\/web\/#organization\",\"name\":\"Alina Hegi\",\"url\":\"https:\/\/alinahegi.com\/web\/\",\"logo\":{\"@type\":\"ImageObject\",\"inLanguage\":\"es\",\"@id\":\"https:\/\/alinahegi.com\/web\/#\/schema\/logo\/image\/\",\"url\":\"https:\/\/alinahegi.com\/web\/wp-content\/uploads\/2025\/07\/logo_alina_hegi_cabezal.svg\",\"contentUrl\":\"https:\/\/alinahegi.com\/web\/wp-content\/uploads\/2025\/07\/logo_alina_hegi_cabezal.svg\",\"caption\":\"Alina Hegi\"},\"image\":{\"@id\":\"https:\/\/alinahegi.com\/web\/#\/schema\/logo\/image\/\"}}]}<\/script>\n<!-- \/ Yoast SEO plugin. -->","yoast_head_json":{"title":"Mesa Caf\u00e9 Suar 3 - Alina Hegi","robots":{"index":"index","follow":"follow","max-snippet":"max-snippet:-1","max-image-preview":"max-image-preview:large","max-video-preview":"max-video-preview:-1"},"canonical":"https:\/\/alinahegi.com\/web\/productos\/mesa-cafe-suar-3\/","og_locale":"es_ES","og_type":"article","og_title":"Mesa Caf\u00e9 Suar 3 - Alina Hegi","og_description":"Mesa Caf\u00e9 en madera Suar. Piezas \u00fanicas. Diferentes tama\u00f1os y formas","og_url":"https:\/\/alinahegi.com\/web\/productos\/mesa-cafe-suar-3\/","og_site_name":"Alina Hegi","article_modified_time":"2026-04-09T15:10:53+00:00","og_image":[{"width":640,"height":480,"url":"https:\/\/alinahegi.com\/web\/wp-content\/uploads\/2026\/04\/Mesa-Cafe-Zambezi-mod-2.jpg","type":"image\/jpeg"}],"twitter_card":"summary_large_image","twitter_misc":{"Tiempo de lectura":"1 minuto"},"schema":{"@context":"https:\/\/schema.org","@graph":[{"@type":"WebPage","@id":"https:\/\/alinahegi.com\/web\/productos\/mesa-cafe-suar-3\/","url":"https:\/\/alinahegi.com\/web\/productos\/mesa-cafe-suar-3\/","name":"Mesa Caf\u00e9 Suar 3 - Alina Hegi","isPartOf":{"@id":"https:\/\/alinahegi.com\/web\/#website"},"primaryImageOfPage":{"@id":"https:\/\/alinahegi.com\/web\/productos\/mesa-cafe-suar-3\/#primaryimage"},"image":{"@id":"https:\/\/alinahegi.com\/web\/productos\/mesa-cafe-suar-3\/#primaryimage"},"thumbnailUrl":"https:\/\/alinahegi.com\/web\/wp-content\/uploads\/2026\/04\/Mesa-Cafe-Zambezi-mod-2.jpg","datePublished":"2026-04-09T15:10:06+00:00","dateModified":"2026-04-09T15:10:53+00:00","breadcrumb":{"@id":"https:\/\/alinahegi.com\/web\/productos\/mesa-cafe-suar-3\/#breadcrumb"},"inLanguage":"es","potentialAction":[{"@type":"ReadAction","target":["https:\/\/alinahegi.com\/web\/productos\/mesa-cafe-suar-3\/"]}]},{"@type":"ImageObject","inLanguage":"es","@id":"https:\/\/alinahegi.com\/web\/productos\/mesa-cafe-suar-3\/#primaryimage","url":"https:\/\/alinahegi.com\/web\/wp-content\/uploads\/2026\/04\/Mesa-Cafe-Zambezi-mod-2.jpg","contentUrl":"https:\/\/alinahegi.com\/web\/wp-content\/uploads\/2026\/04\/Mesa-Cafe-Zambezi-mod-2.jpg","width":640,"height":480},{"@type":"BreadcrumbList","@id":"https:\/\/alinahegi.com\/web\/productos\/mesa-cafe-suar-3\/#breadcrumb","itemListElement":[{"@type":"ListItem","position":1,"name":"Home","item":"https:\/\/alinahegi.com\/web\/"},{"@type":"ListItem","position":2,"name":"Productos","item":"https:\/\/alinahegi.com\/web\/productos\/"},{"@type":"ListItem","position":3,"name":"Mesas","item":"https:\/\/alinahegi.com\/web\/categoria-producto\/mesas\/"},{"@type":"ListItem","position":4,"name":"Mesa Caf\u00e9 Suar 3"}]},{"@type":"WebSite","@id":"https:\/\/alinahegi.com\/web\/#website","url":"https:\/\/alinahegi.com\/web\/","name":"Alina Hegi","description":"","publisher":{"@id":"https:\/\/alinahegi.com\/web\/#organization"},"potentialAction":[{"@type":"SearchAction","target":{"@type":"EntryPoint","urlTemplate":"https:\/\/alinahegi.com\/web\/?s={search_term_string}"},"query-input":{"@type":"PropertyValueSpecification","valueRequired":true,"valueName":"search_term_string"}}],"inLanguage":"es"},{"@type":"Organization","@id":"https:\/\/alinahegi.com\/web\/#organization","name":"Alina Hegi","url":"https:\/\/alinahegi.com\/web\/","logo":{"@type":"ImageObject","inLanguage":"es","@id":"https:\/\/alinahegi.com\/web\/#\/schema\/logo\/image\/","url":"https:\/\/alinahegi.com\/web\/wp-content\/uploads\/2025\/07\/logo_alina_hegi_cabezal.svg","contentUrl":"https:\/\/alinahegi.com\/web\/wp-content\/uploads\/2025\/07\/logo_alina_hegi_cabezal.svg","caption":"Alina Hegi"},"image":{"@id":"https:\/\/alinahegi.com\/web\/#\/schema\/logo\/image\/"}}]}},"_links":{"self":[{"href":"https:\/\/alinahegi.com\/web\/wp-json\/wp\/v2\/product\/3011","targetHints":{"allow":["GET"]}}],"collection":[{"href":"https:\/\/alinahegi.com\/web\/wp-json\/wp\/v2\/product"}],"about":[{"href":"https:\/\/alinahegi.com\/web\/wp-json\/wp\/v2\/types\/product"}],"version-history":[{"count":2,"href":"https:\/\/alinahegi.com\/web\/wp-json\/wp\/v2\/product\/3011\/revisions"}],"predecessor-version":[{"id":3017,"href":"https:\/\/alinahegi.com\/web\/wp-json\/wp\/v2\/product\/3011\/revisions\/3017"}],"wp:featuredmedia":[{"embeddable":true,"href":"https:\/\/alinahegi.com\/web\/wp-json\/wp\/v2\/media\/3012"}],"wp:attachment":[{"href":"https:\/\/alinahegi.com\/web\/wp-json\/wp\/v2\/media?parent=3011"}],"wp:term":[{"taxonomy":"product_brand","embeddable":true,"href":"https:\/\/alinahegi.com\/web\/wp-json\/wp\/v2\/product_brand?post=3011"},{"taxonomy":"product_cat","embeddable":true,"href":"https:\/\/alinahegi.com\/web\/wp-json\/wp\/v2\/product_cat?post=3011"},{"taxonomy":"product_tag","embeddable":true,"href":"https:\/\/alinahegi.com\/web\/wp-json\/wp\/v2\/product_tag?post=3011"},{"taxonomy":"material","embeddable":true,"href":"https:\/\/alinahegi.com\/web\/wp-json\/wp\/v2\/material?post=3011"}],"curies":[{"name":"wp","href":"https:\/\/api.w.org\/{rel}","templated":true}]}}